{"id":309,"date":"2023-05-08T10:40:46","date_gmt":"2023-05-08T10:40:46","guid":{"rendered":"https:\/\/helgaharter.de\/?page_id=309"},"modified":"2023-05-08T16:33:47","modified_gmt":"2023-05-08T16:33:47","slug":"kraeuter-oma","status":"publish","type":"page","link":"https:\/\/helgaharter.de\/?page_id=309","title":{"rendered":"Kr\u00e4uter-Oma"},"content":{"rendered":"\n<p>Kreativ durchs Kr\u00e4uterjahr<\/p>\n\n\n\n<div class=\"wp-block-media-text alignwide is-stacked-on-mobile\"><figure class=\"wp-block-media-text__media\"><img loading=\"lazy\" decoding=\"async\" width=\"663\" height=\"1024\" src=\"https:\/\/helgaharter.de\/wp-content\/uploads\/2023\/05\/Kraeuteroma-Cover-663x1024.jpg\" alt=\"\" class=\"wp-image-311 size-full\" srcset=\"https:\/\/helgaharter.de\/wp-content\/uploads\/2023\/05\/Kraeuteroma-Cover-663x1024.jpg 663w, https:\/\/helgaharter.de\/wp-content\/uploads\/2023\/05\/Kraeuteroma-Cover-194x300.jpg 194w, https:\/\/helgaharter.de\/wp-content\/uploads\/2023\/05\/Kraeuteroma-Cover-768x1186.jpg 768w, https:\/\/helgaharter.de\/wp-content\/uploads\/2023\/05\/Kraeuteroma-Cover-995x1536.jpg 995w, https:\/\/helgaharter.de\/wp-content\/uploads\/2023\/05\/Kraeuteroma-Cover-1326x2048.jpg 1326w, https:\/\/helgaharter.de\/wp-content\/uploads\/2023\/05\/Kraeuteroma-Cover.jpg 1377w\" sizes=\"auto, (max-width: 663px) 100vw, 663px\" \/><\/figure><div class=\"wp-block-media-text__content\">\n<p>Ein K\u00e4utertagebuch<\/p>\n\n\n\n<p>Seit Jahren sammle ich Kr\u00e4uter und Fr\u00fcchte aus der Natur und trockne sie f\u00fcr Tee, koche daraus Suppe, r\u00fchre damit Salbe an und vieles mehr.<\/p>\n\n\n\n<p>Vielleicht kann dieses kleine B\u00fcchlein anregen, das gro\u00dfartige Angebot von Wald, Wiese und Garten neu zu sehen und einen eigenen Schatz an Kr\u00e4uterwissen aufzubauen.<\/p>\n\n\n\n<figure class=\"wp-block-image size-full is-resized\"><img loading=\"lazy\" decoding=\"async\" src=\"https:\/\/helgaharter.de\/wp-content\/uploads\/2023\/05\/Spitzwegerich-1.png\" alt=\"\" class=\"wp-image-315\" width=\"126\" height=\"200\"\/><\/figure>\n\n\n\n<figure class=\"wp-block-image size-full is-resized\"><img loading=\"lazy\" decoding=\"async\" src=\"https:\/\/helgaharter.de\/wp-content\/uploads\/2023\/05\/Thymian.png\" alt=\"\" class=\"wp-image-317\" width=\"125\" height=\"197\"\/><\/figure>\n<\/div><\/div>\n","protected":false},"excerpt":{"rendered":"<p>Kreativ durchs Kr\u00e4uterjahr<\/p>\n","protected":false},"author":1,"featured_media":0,"parent":0,"menu_order":0,"comment_status":"closed","ping_status":"closed","template":"","meta":{"advgb_blocks_editor_width":"","advgb_blocks_columns_visual_guide":"","site-sidebar-layout":"","site-content-layout":"","ast-main-header-display":"","ast-hfb-above-header-display":"","ast-hfb-below-header-display":"","ast-hfb-mobile-header-display":"","site-post-title":"","ast-breadcrumbs-content":"","ast-featured-img":"","footer-sml-layout":"","theme-transparent-header-meta":"","adv-header-id-meta":"","stick-header-meta":"","header-above-stick-meta":"","header-main-stick-meta":"","header-below-stick-meta":"","footnotes":""},"class_list":["post-309","page","type-page","status-publish","hentry"],"yoast_head":"<!-- This site is optimized with the Yoast SEO plugin v26.2 - https:\/\/yoast.com\/wordpress\/plugins\/seo\/ -->\n<title>Kr\u00e4uter-Oma - Autorenseite von Helga Harter<\/title>\n<meta name=\"robots\" content=\"index, follow, max-snippet:-1, max-image-preview:large, max-video-preview:-1\" \/>\n<link rel=\"canonical\" href=\"https:\/\/helgaharter.de\/?page_id=309\" \/>\n<meta property=\"og:locale\" content=\"de_DE\" \/>\n<meta property=\"og:type\" content=\"article\" \/>\n<meta property=\"og:title\" content=\"Kr\u00e4uter-Oma - Autorenseite von Helga Harter\" \/>\n<meta property=\"og:description\" content=\"Kreativ durchs Kr\u00e4uterjahr\" \/>\n<meta property=\"og:url\" content=\"https:\/\/helgaharter.de\/?page_id=309\" \/>\n<meta property=\"og:site_name\" content=\"Autorenseite von Helga Harter\" \/>\n<meta property=\"article:modified_time\" content=\"2023-05-08T16:33:47+00:00\" \/>\n<meta property=\"og:image\" content=\"https:\/\/helgaharter.de\/wp-content\/uploads\/2023\/05\/Kraeuteroma-Cover-663x1024.jpg\" \/>\n<meta name=\"twitter:card\" content=\"summary_large_image\" \/>\n<meta name=\"twitter:label1\" content=\"Gesch\u00e4tzte Lesezeit\" \/>\n\t<meta name=\"twitter:data1\" content=\"1\u00a0Minute\" \/>\n<script type=\"application\/ld+json\" class=\"yoast-schema-graph\">{\"@context\":\"https:\/\/schema.org\",\"@graph\":[{\"@type\":\"WebPage\",\"@id\":\"https:\/\/helgaharter.de\/?page_id=309\",\"url\":\"https:\/\/helgaharter.de\/?page_id=309\",\"name\":\"Kr\u00e4uter-Oma - Autorenseite von Helga Harter\",\"isPartOf\":{\"@id\":\"https:\/\/helgaharter.de\/#website\"},\"primaryImageOfPage\":{\"@id\":\"https:\/\/helgaharter.de\/?page_id=309#primaryimage\"},\"image\":{\"@id\":\"https:\/\/helgaharter.de\/?page_id=309#primaryimage\"},\"thumbnailUrl\":\"https:\/\/helgaharter.de\/wp-content\/uploads\/2023\/05\/Kraeuteroma-Cover-663x1024.jpg\",\"datePublished\":\"2023-05-08T10:40:46+00:00\",\"dateModified\":\"2023-05-08T16:33:47+00:00\",\"breadcrumb\":{\"@id\":\"https:\/\/helgaharter.de\/?page_id=309#breadcrumb\"},\"inLanguage\":\"de\",\"potentialAction\":[{\"@type\":\"ReadAction\",\"target\":[\"https:\/\/helgaharter.de\/?page_id=309\"]}]},{\"@type\":\"ImageObject\",\"inLanguage\":\"de\",\"@id\":\"https:\/\/helgaharter.de\/?page_id=309#primaryimage\",\"url\":\"https:\/\/helgaharter.de\/wp-content\/uploads\/2023\/05\/Kraeuteroma-Cover.jpg\",\"contentUrl\":\"https:\/\/helgaharter.de\/wp-content\/uploads\/2023\/05\/Kraeuteroma-Cover.jpg\",\"width\":1377,\"height\":2126},{\"@type\":\"BreadcrumbList\",\"@id\":\"https:\/\/helgaharter.de\/?page_id=309#breadcrumb\",\"itemListElement\":[{\"@type\":\"ListItem\",\"position\":1,\"name\":\"Startseite\",\"item\":\"https:\/\/helgaharter.de\/\"},{\"@type\":\"ListItem\",\"position\":2,\"name\":\"Kr\u00e4uter-Oma\"}]},{\"@type\":\"WebSite\",\"@id\":\"https:\/\/helgaharter.de\/#website\",\"url\":\"https:\/\/helgaharter.de\/\",\"name\":\"Autorenseite von Helga Harter\",\"description\":\"\",\"publisher\":{\"@id\":\"https:\/\/helgaharter.de\/#organization\"},\"potentialAction\":[{\"@type\":\"SearchAction\",\"target\":{\"@type\":\"EntryPoint\",\"urlTemplate\":\"https:\/\/helgaharter.de\/?s={search_term_string}\"},\"query-input\":{\"@type\":\"PropertyValueSpecification\",\"valueRequired\":true,\"valueName\":\"search_term_string\"}}],\"inLanguage\":\"de\"},{\"@type\":\"Organization\",\"@id\":\"https:\/\/helgaharter.de\/#organization\",\"name\":\"Autorenseite von Helga Harter\",\"url\":\"https:\/\/helgaharter.de\/\",\"logo\":{\"@type\":\"ImageObject\",\"inLanguage\":\"de\",\"@id\":\"https:\/\/helgaharter.de\/#\/schema\/logo\/image\/\",\"url\":\"https:\/\/helgaharter.de\/wp-content\/uploads\/2023\/02\/cropped-HeaderAstra-neu.jpg\",\"contentUrl\":\"https:\/\/helgaharter.de\/wp-content\/uploads\/2023\/02\/cropped-HeaderAstra-neu.jpg\",\"width\":1400,\"height\":400,\"caption\":\"Autorenseite von Helga Harter\"},\"image\":{\"@id\":\"https:\/\/helgaharter.de\/#\/schema\/logo\/image\/\"}}]}<\/script>\n<!-- \/ Yoast SEO plugin. -->","yoast_head_json":{"title":"Kr\u00e4uter-Oma - Autorenseite von Helga Harter","robots":{"index":"index","follow":"follow","max-snippet":"max-snippet:-1","max-image-preview":"max-image-preview:large","max-video-preview":"max-video-preview:-1"},"canonical":"https:\/\/helgaharter.de\/?page_id=309","og_locale":"de_DE","og_type":"article","og_title":"Kr\u00e4uter-Oma - Autorenseite von Helga Harter","og_description":"Kreativ durchs Kr\u00e4uterjahr","og_url":"https:\/\/helgaharter.de\/?page_id=309","og_site_name":"Autorenseite von Helga Harter","article_modified_time":"2023-05-08T16:33:47+00:00","og_image":[{"url":"https:\/\/helgaharter.de\/wp-content\/uploads\/2023\/05\/Kraeuteroma-Cover-663x1024.jpg","type":"","width":"","height":""}],"twitter_card":"summary_large_image","twitter_misc":{"Gesch\u00e4tzte Lesezeit":"1\u00a0Minute"},"schema":{"@context":"https:\/\/schema.org","@graph":[{"@type":"WebPage","@id":"https:\/\/helgaharter.de\/?page_id=309","url":"https:\/\/helgaharter.de\/?page_id=309","name":"Kr\u00e4uter-Oma - Autorenseite von Helga Harter","isPartOf":{"@id":"https:\/\/helgaharter.de\/#website"},"primaryImageOfPage":{"@id":"https:\/\/helgaharter.de\/?page_id=309#primaryimage"},"image":{"@id":"https:\/\/helgaharter.de\/?page_id=309#primaryimage"},"thumbnailUrl":"https:\/\/helgaharter.de\/wp-content\/uploads\/2023\/05\/Kraeuteroma-Cover-663x1024.jpg","datePublished":"2023-05-08T10:40:46+00:00","dateModified":"2023-05-08T16:33:47+00:00","breadcrumb":{"@id":"https:\/\/helgaharter.de\/?page_id=309#breadcrumb"},"inLanguage":"de","potentialAction":[{"@type":"ReadAction","target":["https:\/\/helgaharter.de\/?page_id=309"]}]},{"@type":"ImageObject","inLanguage":"de","@id":"https:\/\/helgaharter.de\/?page_id=309#primaryimage","url":"https:\/\/helgaharter.de\/wp-content\/uploads\/2023\/05\/Kraeuteroma-Cover.jpg","contentUrl":"https:\/\/helgaharter.de\/wp-content\/uploads\/2023\/05\/Kraeuteroma-Cover.jpg","width":1377,"height":2126},{"@type":"BreadcrumbList","@id":"https:\/\/helgaharter.de\/?page_id=309#breadcrumb","itemListElement":[{"@type":"ListItem","position":1,"name":"Startseite","item":"https:\/\/helgaharter.de\/"},{"@type":"ListItem","position":2,"name":"Kr\u00e4uter-Oma"}]},{"@type":"WebSite","@id":"https:\/\/helgaharter.de\/#website","url":"https:\/\/helgaharter.de\/","name":"Autorenseite von Helga Harter","description":"","publisher":{"@id":"https:\/\/helgaharter.de\/#organization"},"potentialAction":[{"@type":"SearchAction","target":{"@type":"EntryPoint","urlTemplate":"https:\/\/helgaharter.de\/?s={search_term_string}"},"query-input":{"@type":"PropertyValueSpecification","valueRequired":true,"valueName":"search_term_string"}}],"inLanguage":"de"},{"@type":"Organization","@id":"https:\/\/helgaharter.de\/#organization","name":"Autorenseite von Helga Harter","url":"https:\/\/helgaharter.de\/","logo":{"@type":"ImageObject","inLanguage":"de","@id":"https:\/\/helgaharter.de\/#\/schema\/logo\/image\/","url":"https:\/\/helgaharter.de\/wp-content\/uploads\/2023\/02\/cropped-HeaderAstra-neu.jpg","contentUrl":"https:\/\/helgaharter.de\/wp-content\/uploads\/2023\/02\/cropped-HeaderAstra-neu.jpg","width":1400,"height":400,"caption":"Autorenseite von Helga Harter"},"image":{"@id":"https:\/\/helgaharter.de\/#\/schema\/logo\/image\/"}}]}},"coauthors":[],"author_meta":{"author_link":"https:\/\/helgaharter.de\/?author=1","display_name":"admin"},"relative_dates":{"created":"Posted 3\u00a0Jahren ago","modified":"Updated 3\u00a0Jahren ago"},"absolute_dates":{"created":"Posted on 8. Mai 2023","modified":"Updated on 8. Mai 2023"},"absolute_dates_time":{"created":"Posted on 8. Mai 2023 10:40","modified":"Updated on 8. Mai 2023 16:33"},"featured_img_caption":"","featured_img":false,"series_order":"","_links":{"self":[{"href":"https:\/\/helgaharter.de\/index.php?rest_route=\/wp\/v2\/pages\/309","targetHints":{"allow":["GET"]}}],"collection":[{"href":"https:\/\/helgaharter.de\/index.php?rest_route=\/wp\/v2\/pages"}],"about":[{"href":"https:\/\/helgaharter.de\/index.php?rest_route=\/wp\/v2\/types\/page"}],"author":[{"embeddable":true,"href":"https:\/\/helgaharter.de\/index.php?rest_route=\/wp\/v2\/users\/1"}],"replies":[{"embeddable":true,"href":"https:\/\/helgaharter.de\/index.php?rest_route=%2Fwp%2Fv2%2Fcomments&post=309"}],"version-history":[{"count":4,"href":"https:\/\/helgaharter.de\/index.php?rest_route=\/wp\/v2\/pages\/309\/revisions"}],"predecessor-version":[{"id":320,"href":"https:\/\/helgaharter.de\/index.php?rest_route=\/wp\/v2\/pages\/309\/revisions\/320"}],"wp:attachment":[{"href":"https:\/\/helgaharter.de\/index.php?rest_route=%2Fwp%2Fv2%2Fmedia&parent=309"}],"curies":[{"name":"wp","href":"https:\/\/api.w.org\/{rel}","templated":true}]}}