{"id":363,"date":"2024-11-12T09:11:47","date_gmt":"2024-11-12T09:11:47","guid":{"rendered":"https:\/\/helgaharter.de\/?page_id=363"},"modified":"2024-11-12T09:59:38","modified_gmt":"2024-11-12T09:59:38","slug":"steinbruchvilla","status":"publish","type":"page","link":"https:\/\/helgaharter.de\/?page_id=363","title":{"rendered":"Steinbruchvilla"},"content":{"rendered":"\n<div class=\"wp-block-columns is-layout-flex wp-container-core-columns-is-layout-9d6595d7 wp-block-columns-is-layout-flex\">\n<div class=\"wp-block-column is-layout-flow wp-block-column-is-layout-flow\" style=\"flex-basis:50%\">\n<figure class=\"wp-block-image\"><img loading=\"lazy\" decoding=\"async\" width=\"729\" height=\"1024\" src=\"https:\/\/helgaharter.de\/wp-content\/uploads\/2024\/11\/Steinbruchvilla-Ebook-rgb-V2-klein-729x1024.jpg\" alt=\"\" class=\"wp-image-364\" srcset=\"https:\/\/helgaharter.de\/wp-content\/uploads\/2024\/11\/Steinbruchvilla-Ebook-rgb-V2-klein-729x1024.jpg 729w, https:\/\/helgaharter.de\/wp-content\/uploads\/2024\/11\/Steinbruchvilla-Ebook-rgb-V2-klein-214x300.jpg 214w, https:\/\/helgaharter.de\/wp-content\/uploads\/2024\/11\/Steinbruchvilla-Ebook-rgb-V2-klein-768x1079.jpg 768w, https:\/\/helgaharter.de\/wp-content\/uploads\/2024\/11\/Steinbruchvilla-Ebook-rgb-V2-klein-1093x1536.jpg 1093w, https:\/\/helgaharter.de\/wp-content\/uploads\/2024\/11\/Steinbruchvilla-Ebook-rgb-V2-klein.jpg 1200w\" sizes=\"auto, (max-width: 729px) 100vw, 729px\" \/><\/figure>\n<\/div>\n\n\n\n<div class=\"wp-block-column is-layout-flow wp-block-column-is-layout-flow\" style=\"flex-basis:50%\">\n<p class=\"has-text-align-left\">Alpirsbach im Schwarzwald. Eine gew\u00f6hnliche deutsche Familie k\u00e4mpft im Jahr 1946 mit den Auswirkungen des zweiten Weltkriegs. Es gibt keine Wohnung f\u00fcr die Familie mit sieben Kindern. Elsa und Andres beschlie\u00dfen, ein Haus zu bauen. Das scheint schier unm\u00f6glich mit ihren geringen Mitteln und den schlechten \u00e4u\u00dferen Bedingungen. Dazu kommt Elsas t\u00e4glicher Kampf mit dem Hunger. Sie arbeiten hart, ihre Tatkraft ist bewundernswert.<\/p>\n\n\n\n<div class=\"wp-block-media-text is-stacked-on-mobile\" style=\"grid-template-columns:64% auto\"><figure class=\"wp-block-media-text__media\"><img loading=\"lazy\" decoding=\"async\" width=\"693\" height=\"697\" src=\"https:\/\/helgaharter.de\/wp-content\/uploads\/2024\/11\/Elsa-u-Andreas-Benz.jpg\" alt=\"\" class=\"wp-image-367 size-full\" srcset=\"https:\/\/helgaharter.de\/wp-content\/uploads\/2024\/11\/Elsa-u-Andreas-Benz.jpg 693w, https:\/\/helgaharter.de\/wp-content\/uploads\/2024\/11\/Elsa-u-Andreas-Benz-298x300.jpg 298w, https:\/\/helgaharter.de\/wp-content\/uploads\/2024\/11\/Elsa-u-Andreas-Benz-150x150.jpg 150w\" sizes=\"auto, (max-width: 693px) 100vw, 693px\" \/><\/figure><div class=\"wp-block-media-text__content\">\n<p>Dies ist die Geschichte meiner Gro\u00dfeltern. <\/p>\n\n\n\n<p>Elsa Benz geb. Bossert,meinen Lesern schon bekannt als Tochter der &#8222;<a href=\"https:\/\/helgaharter.de\/?page_id=40\">Hausierer Sophie<\/a>&#8222;.<\/p>\n\n\n\n<p>Und Andreas Benz, Sohn von Christine Benz aus &#8222;<a href=\"https:\/\/helgaharter.de\/?page_id=65\">Zu arm zum Tr\u00e4umen<\/a>&#8222;<\/p>\n<\/div><\/div>\n\n\n\n<div class=\"wp-block-media-text is-stacked-on-mobile\" style=\"grid-template-columns:63% auto\"><figure class=\"wp-block-media-text__media\"><img loading=\"lazy\" decoding=\"async\" width=\"683\" height=\"1024\" src=\"https:\/\/helgaharter.de\/wp-content\/uploads\/2024\/11\/IMG_0747-683x1024.jpg\" alt=\"\" class=\"wp-image-368 size-full\" srcset=\"https:\/\/helgaharter.de\/wp-content\/uploads\/2024\/11\/IMG_0747-683x1024.jpg 683w, https:\/\/helgaharter.de\/wp-content\/uploads\/2024\/11\/IMG_0747-200x300.jpg 200w, https:\/\/helgaharter.de\/wp-content\/uploads\/2024\/11\/IMG_0747-768x1152.jpg 768w, https:\/\/helgaharter.de\/wp-content\/uploads\/2024\/11\/IMG_0747-1024x1536.jpg 1024w, https:\/\/helgaharter.de\/wp-content\/uploads\/2024\/11\/IMG_0747.jpg 1152w\" sizes=\"auto, (max-width: 683px) 100vw, 683px\" \/><\/figure><div class=\"wp-block-media-text__content\">\n<p>Dieses Haus entstand von 1946 bis 1952 im Steinbruch.<\/p>\n\n\n\n<p>Der junge Mann ist mein Vater.<\/p>\n\n\n\n<p>Beide Fotos stammen etwa von 1956<\/p>\n<\/div><\/div>\n<\/div>\n<\/div>\n\n\n\n<p>Die Geschichte hat sich in Alpirsbach zugetragen. Es k\u00f6nnte aber in jeder deutschen Kleinstadt gewesen sein. \u00dcberall musste man mit kleinen Mitteln  aufbauen. Sehr viele Menschen waren sehr flei\u00dfig, um zu schaffen, was wir heute selbstverst\u00e4ndlich nehmen.<\/p>\n\n\n\n<p>Es hat mir gro\u00dfen Spa\u00df gemacht, die Alpirsbacher Geschichte zu studieren. Dabei konnte ich auf Ver\u00f6ffentlichungen des <a href=\"https:\/\/www.heimatverein-alpirsbach.de\/\">Geschichts- und Heimatvereins<\/a> Alpirsbach zur\u00fcckgreifen. Auch manche Anektode ist von dort \u00fcbernommen. Sehr vieles weiss aber auch mein Vater noch, was das Buch sehr authentisch macht.<\/p>\n\n\n\n<div class=\"wp-block-media-text is-stacked-on-mobile\"><figure class=\"wp-block-media-text__media\"><img loading=\"lazy\" decoding=\"async\" width=\"1024\" height=\"653\" src=\"https:\/\/helgaharter.de\/wp-content\/uploads\/2024\/11\/IMG_5604-Hausbau-Garten-klein-1024x653.jpg\" alt=\"\" class=\"wp-image-384 size-full\" srcset=\"https:\/\/helgaharter.de\/wp-content\/uploads\/2024\/11\/IMG_5604-Hausbau-Garten-klein-1024x653.jpg 1024w, https:\/\/helgaharter.de\/wp-content\/uploads\/2024\/11\/IMG_5604-Hausbau-Garten-klein-300x191.jpg 300w, https:\/\/helgaharter.de\/wp-content\/uploads\/2024\/11\/IMG_5604-Hausbau-Garten-klein-768x490.jpg 768w, https:\/\/helgaharter.de\/wp-content\/uploads\/2024\/11\/IMG_5604-Hausbau-Garten-klein-1536x979.jpg 1536w, https:\/\/helgaharter.de\/wp-content\/uploads\/2024\/11\/IMG_5604-Hausbau-Garten-klein-2048x1305.jpg 2048w\" sizes=\"auto, (max-width: 1024px) 100vw, 1024px\" \/><\/figure><div class=\"wp-block-media-text__content\">\n<p>Originalfoto aus dem Jahr 1947 Andres und Rudi<\/p>\n<\/div><\/div>\n\n\n\n<p><\/p>\n","protected":false},"excerpt":{"rendered":"<p>Alpirsbach im Schwarzwald. Eine gew\u00f6hnliche deutsche Familie k\u00e4mpft im Jahr 1946 mit den Auswirkungen des zweiten Weltkriegs. Es gibt keine Wohnung f\u00fcr die Familie mit sieben Kindern. Elsa und Andres beschlie\u00dfen, ein Haus zu bauen. Das scheint schier unm\u00f6glich mit ihren geringen Mitteln und den schlechten \u00e4u\u00dferen Bedingungen. Dazu kommt Elsas t\u00e4glicher Kampf mit dem &hellip;<\/p>\n<p class=\"read-more\"> <a class=\"\" href=\"https:\/\/helgaharter.de\/?page_id=363\"> <span class=\"screen-reader-text\">Steinbruchvilla<\/span> Weiterlesen &raquo;<\/a><\/p>\n","protected":false},"author":1,"featured_media":0,"parent":0,"menu_order":0,"comment_status":"closed","ping_status":"closed","template":"","meta":{"advgb_blocks_editor_width":"","advgb_blocks_columns_visual_guide":"","site-sidebar-layout":"","site-content-layout":"","ast-main-header-display":"","ast-hfb-above-header-display":"","ast-hfb-below-header-display":"","ast-hfb-mobile-header-display":"","site-post-title":"","ast-breadcrumbs-content":"","ast-featured-img":"","footer-sml-layout":"","theme-transparent-header-meta":"","adv-header-id-meta":"","stick-header-meta":"","header-above-stick-meta":"","header-main-stick-meta":"","header-below-stick-meta":"","footnotes":""},"class_list":["post-363","page","type-page","status-publish","hentry"],"yoast_head":"<!-- This site is optimized with the Yoast SEO plugin v26.2 - https:\/\/yoast.com\/wordpress\/plugins\/seo\/ -->\n<title>Steinbruchvilla - Autorenseite von Helga Harter<\/title>\n<meta name=\"description\" content=\"Historischer Roman. Eine Familiengeschichte vom Hausbau mit unglaublich einfachen Mitteln direkt nach dem zweiten Weltkrieg.\" \/>\n<meta name=\"robots\" content=\"index, follow, max-snippet:-1, max-image-preview:large, max-video-preview:-1\" \/>\n<link rel=\"canonical\" href=\"https:\/\/helgaharter.de\/?page_id=363\" \/>\n<meta property=\"og:locale\" content=\"de_DE\" \/>\n<meta property=\"og:type\" content=\"article\" \/>\n<meta property=\"og:title\" content=\"Steinbruchvilla - Autorenseite von Helga Harter\" \/>\n<meta property=\"og:description\" content=\"Historischer Roman. Eine Familiengeschichte vom Hausbau mit unglaublich einfachen Mitteln direkt nach dem zweiten Weltkrieg.\" \/>\n<meta property=\"og:url\" content=\"https:\/\/helgaharter.de\/?page_id=363\" \/>\n<meta property=\"og:site_name\" content=\"Autorenseite von Helga Harter\" \/>\n<meta property=\"article:modified_time\" content=\"2024-11-12T09:59:38+00:00\" \/>\n<meta property=\"og:image\" content=\"https:\/\/helgaharter.de\/wp-content\/uploads\/2024\/11\/Steinbruchvilla-Ebook-rgb-V2-klein.jpg\" \/>\n\t<meta property=\"og:image:width\" content=\"1200\" \/>\n\t<meta property=\"og:image:height\" content=\"1686\" \/>\n\t<meta property=\"og:image:type\" content=\"image\/jpeg\" \/>\n<meta name=\"twitter:card\" content=\"summary_large_image\" \/>\n<meta name=\"twitter:label1\" content=\"Gesch\u00e4tzte Lesezeit\" \/>\n\t<meta name=\"twitter:data1\" content=\"2\u00a0Minuten\" \/>\n<script type=\"application\/ld+json\" class=\"yoast-schema-graph\">{\"@context\":\"https:\/\/schema.org\",\"@graph\":[{\"@type\":\"WebPage\",\"@id\":\"https:\/\/helgaharter.de\/?page_id=363\",\"url\":\"https:\/\/helgaharter.de\/?page_id=363\",\"name\":\"Steinbruchvilla - Autorenseite von Helga Harter\",\"isPartOf\":{\"@id\":\"https:\/\/helgaharter.de\/#website\"},\"primaryImageOfPage\":{\"@id\":\"https:\/\/helgaharter.de\/?page_id=363#primaryimage\"},\"image\":{\"@id\":\"https:\/\/helgaharter.de\/?page_id=363#primaryimage\"},\"thumbnailUrl\":\"https:\/\/helgaharter.de\/wp-content\/uploads\/2024\/11\/Steinbruchvilla-Ebook-rgb-V2-klein-729x1024.jpg\",\"datePublished\":\"2024-11-12T09:11:47+00:00\",\"dateModified\":\"2024-11-12T09:59:38+00:00\",\"description\":\"Historischer Roman. Eine Familiengeschichte vom Hausbau mit unglaublich einfachen Mitteln direkt nach dem zweiten Weltkrieg.\",\"breadcrumb\":{\"@id\":\"https:\/\/helgaharter.de\/?page_id=363#breadcrumb\"},\"inLanguage\":\"de\",\"potentialAction\":[{\"@type\":\"ReadAction\",\"target\":[\"https:\/\/helgaharter.de\/?page_id=363\"]}]},{\"@type\":\"ImageObject\",\"inLanguage\":\"de\",\"@id\":\"https:\/\/helgaharter.de\/?page_id=363#primaryimage\",\"url\":\"https:\/\/helgaharter.de\/wp-content\/uploads\/2024\/11\/Steinbruchvilla-Ebook-rgb-V2-klein.jpg\",\"contentUrl\":\"https:\/\/helgaharter.de\/wp-content\/uploads\/2024\/11\/Steinbruchvilla-Ebook-rgb-V2-klein.jpg\",\"width\":1200,\"height\":1686},{\"@type\":\"BreadcrumbList\",\"@id\":\"https:\/\/helgaharter.de\/?page_id=363#breadcrumb\",\"itemListElement\":[{\"@type\":\"ListItem\",\"position\":1,\"name\":\"Startseite\",\"item\":\"https:\/\/helgaharter.de\/\"},{\"@type\":\"ListItem\",\"position\":2,\"name\":\"Steinbruchvilla\"}]},{\"@type\":\"WebSite\",\"@id\":\"https:\/\/helgaharter.de\/#website\",\"url\":\"https:\/\/helgaharter.de\/\",\"name\":\"Autorenseite von Helga Harter\",\"description\":\"\",\"publisher\":{\"@id\":\"https:\/\/helgaharter.de\/#organization\"},\"potentialAction\":[{\"@type\":\"SearchAction\",\"target\":{\"@type\":\"EntryPoint\",\"urlTemplate\":\"https:\/\/helgaharter.de\/?s={search_term_string}\"},\"query-input\":{\"@type\":\"PropertyValueSpecification\",\"valueRequired\":true,\"valueName\":\"search_term_string\"}}],\"inLanguage\":\"de\"},{\"@type\":\"Organization\",\"@id\":\"https:\/\/helgaharter.de\/#organization\",\"name\":\"Autorenseite von Helga Harter\",\"url\":\"https:\/\/helgaharter.de\/\",\"logo\":{\"@type\":\"ImageObject\",\"inLanguage\":\"de\",\"@id\":\"https:\/\/helgaharter.de\/#\/schema\/logo\/image\/\",\"url\":\"https:\/\/helgaharter.de\/wp-content\/uploads\/2023\/02\/cropped-HeaderAstra-neu.jpg\",\"contentUrl\":\"https:\/\/helgaharter.de\/wp-content\/uploads\/2023\/02\/cropped-HeaderAstra-neu.jpg\",\"width\":1400,\"height\":400,\"caption\":\"Autorenseite von Helga Harter\"},\"image\":{\"@id\":\"https:\/\/helgaharter.de\/#\/schema\/logo\/image\/\"}}]}<\/script>\n<!-- \/ Yoast SEO plugin. -->","yoast_head_json":{"title":"Steinbruchvilla - Autorenseite von Helga Harter","description":"Historischer Roman. Eine Familiengeschichte vom Hausbau mit unglaublich einfachen Mitteln direkt nach dem zweiten Weltkrieg.","robots":{"index":"index","follow":"follow","max-snippet":"max-snippet:-1","max-image-preview":"max-image-preview:large","max-video-preview":"max-video-preview:-1"},"canonical":"https:\/\/helgaharter.de\/?page_id=363","og_locale":"de_DE","og_type":"article","og_title":"Steinbruchvilla - Autorenseite von Helga Harter","og_description":"Historischer Roman. Eine Familiengeschichte vom Hausbau mit unglaublich einfachen Mitteln direkt nach dem zweiten Weltkrieg.","og_url":"https:\/\/helgaharter.de\/?page_id=363","og_site_name":"Autorenseite von Helga Harter","article_modified_time":"2024-11-12T09:59:38+00:00","og_image":[{"width":1200,"height":1686,"url":"https:\/\/helgaharter.de\/wp-content\/uploads\/2024\/11\/Steinbruchvilla-Ebook-rgb-V2-klein.jpg","type":"image\/jpeg"}],"twitter_card":"summary_large_image","twitter_misc":{"Gesch\u00e4tzte Lesezeit":"2\u00a0Minuten"},"schema":{"@context":"https:\/\/schema.org","@graph":[{"@type":"WebPage","@id":"https:\/\/helgaharter.de\/?page_id=363","url":"https:\/\/helgaharter.de\/?page_id=363","name":"Steinbruchvilla - Autorenseite von Helga Harter","isPartOf":{"@id":"https:\/\/helgaharter.de\/#website"},"primaryImageOfPage":{"@id":"https:\/\/helgaharter.de\/?page_id=363#primaryimage"},"image":{"@id":"https:\/\/helgaharter.de\/?page_id=363#primaryimage"},"thumbnailUrl":"https:\/\/helgaharter.de\/wp-content\/uploads\/2024\/11\/Steinbruchvilla-Ebook-rgb-V2-klein-729x1024.jpg","datePublished":"2024-11-12T09:11:47+00:00","dateModified":"2024-11-12T09:59:38+00:00","description":"Historischer Roman. Eine Familiengeschichte vom Hausbau mit unglaublich einfachen Mitteln direkt nach dem zweiten Weltkrieg.","breadcrumb":{"@id":"https:\/\/helgaharter.de\/?page_id=363#breadcrumb"},"inLanguage":"de","potentialAction":[{"@type":"ReadAction","target":["https:\/\/helgaharter.de\/?page_id=363"]}]},{"@type":"ImageObject","inLanguage":"de","@id":"https:\/\/helgaharter.de\/?page_id=363#primaryimage","url":"https:\/\/helgaharter.de\/wp-content\/uploads\/2024\/11\/Steinbruchvilla-Ebook-rgb-V2-klein.jpg","contentUrl":"https:\/\/helgaharter.de\/wp-content\/uploads\/2024\/11\/Steinbruchvilla-Ebook-rgb-V2-klein.jpg","width":1200,"height":1686},{"@type":"BreadcrumbList","@id":"https:\/\/helgaharter.de\/?page_id=363#breadcrumb","itemListElement":[{"@type":"ListItem","position":1,"name":"Startseite","item":"https:\/\/helgaharter.de\/"},{"@type":"ListItem","position":2,"name":"Steinbruchvilla"}]},{"@type":"WebSite","@id":"https:\/\/helgaharter.de\/#website","url":"https:\/\/helgaharter.de\/","name":"Autorenseite von Helga Harter","description":"","publisher":{"@id":"https:\/\/helgaharter.de\/#organization"},"potentialAction":[{"@type":"SearchAction","target":{"@type":"EntryPoint","urlTemplate":"https:\/\/helgaharter.de\/?s={search_term_string}"},"query-input":{"@type":"PropertyValueSpecification","valueRequired":true,"valueName":"search_term_string"}}],"inLanguage":"de"},{"@type":"Organization","@id":"https:\/\/helgaharter.de\/#organization","name":"Autorenseite von Helga Harter","url":"https:\/\/helgaharter.de\/","logo":{"@type":"ImageObject","inLanguage":"de","@id":"https:\/\/helgaharter.de\/#\/schema\/logo\/image\/","url":"https:\/\/helgaharter.de\/wp-content\/uploads\/2023\/02\/cropped-HeaderAstra-neu.jpg","contentUrl":"https:\/\/helgaharter.de\/wp-content\/uploads\/2023\/02\/cropped-HeaderAstra-neu.jpg","width":1400,"height":400,"caption":"Autorenseite von Helga Harter"},"image":{"@id":"https:\/\/helgaharter.de\/#\/schema\/logo\/image\/"}}]}},"coauthors":[],"author_meta":{"author_link":"https:\/\/helgaharter.de\/?author=1","display_name":"admin"},"relative_dates":{"created":"Posted 1\u00a0Jahr ago","modified":"Updated 1\u00a0Jahr ago"},"absolute_dates":{"created":"Posted on 12. November 2024","modified":"Updated on 12. November 2024"},"absolute_dates_time":{"created":"Posted on 12. November 2024 9:11","modified":"Updated on 12. November 2024 9:59"},"featured_img_caption":"","featured_img":false,"series_order":"","_links":{"self":[{"href":"https:\/\/helgaharter.de\/index.php?rest_route=\/wp\/v2\/pages\/363","targetHints":{"allow":["GET"]}}],"collection":[{"href":"https:\/\/helgaharter.de\/index.php?rest_route=\/wp\/v2\/pages"}],"about":[{"href":"https:\/\/helgaharter.de\/index.php?rest_route=\/wp\/v2\/types\/page"}],"author":[{"embeddable":true,"href":"https:\/\/helgaharter.de\/index.php?rest_route=\/wp\/v2\/users\/1"}],"replies":[{"embeddable":true,"href":"https:\/\/helgaharter.de\/index.php?rest_route=%2Fwp%2Fv2%2Fcomments&post=363"}],"version-history":[{"count":10,"href":"https:\/\/helgaharter.de\/index.php?rest_route=\/wp\/v2\/pages\/363\/revisions"}],"predecessor-version":[{"id":386,"href":"https:\/\/helgaharter.de\/index.php?rest_route=\/wp\/v2\/pages\/363\/revisions\/386"}],"wp:attachment":[{"href":"https:\/\/helgaharter.de\/index.php?rest_route=%2Fwp%2Fv2%2Fmedia&parent=363"}],"curies":[{"name":"wp","href":"https:\/\/api.w.org\/{rel}","templated":true}]}}