{"id":82,"date":"2021-12-10T10:54:40","date_gmt":"2021-12-10T10:54:40","guid":{"rendered":"https:\/\/helgaharter.de\/?page_id=82"},"modified":"2021-12-10T10:54:40","modified_gmt":"2021-12-10T10:54:40","slug":"ueber-mich","status":"publish","type":"page","link":"https:\/\/helgaharter.de\/?page_id=82","title":{"rendered":"\u00dcber mich"},"content":{"rendered":"\n<div class=\"wp-block-media-text alignwide is-stacked-on-mobile\" style=\"grid-template-columns:43% auto\"><figure class=\"wp-block-media-text__media\"><img loading=\"lazy\" decoding=\"async\" width=\"304\" height=\"267\" src=\"https:\/\/helgaharter.de\/wp-content\/uploads\/2021\/12\/Helga-1.jpg\" alt=\"\" class=\"wp-image-83 size-full\" srcset=\"https:\/\/helgaharter.de\/wp-content\/uploads\/2021\/12\/Helga-1.jpg 304w, https:\/\/helgaharter.de\/wp-content\/uploads\/2021\/12\/Helga-1-300x263.jpg 300w\" sizes=\"auto, (max-width: 304px) 100vw, 304px\" \/><\/figure><div class=\"wp-block-media-text__content\">\n<p>Geschichten und B\u00fccher begleiten mich schon immer. Mit zehn habe ich Nachbarskindern M\u00e4rchen erz\u00e4hlt und Abenteuerb\u00fccher vorgelesen. F\u00fcr unser Marionettentheater hab ich biblische Geschichten in Szene gesetzt: David und Goliath zum Beispiel oder die Weihnachtsgeschichte. Immer wieder schrieb ich ein Lied oder Texte f\u00fcr Kurzfilme, kleine Theaterszenen.<\/p>\n\n\n\n<p>Ausbildung zur Erzieherin: wieder Geschichten und B\u00fccher. Geschichten erz\u00e4hlen im Kindergottesdienst. Mindestens zwei B\u00fccher , die ich geschrieben habe, sind in der Schublade verschwunden.<\/p>\n\n\n\n<p>Dann kamen unsere sieben Kinder. Wieder Geschichten, jeden Tag, vorlesen, erz\u00e4hlen. B\u00fccher waren unsere st\u00e4ndigen Begleiter. Zum Schreiben kam ich kaum.<\/p>\n\n\n\n<p>Nun sind alle aus dem Haus und ich schreibe wieder. Zehn Jahre lang f\u00fcr die Lokalredaktion unserer Tageszeitung. Und jetzt die alten Geschichten, die meine Eltern erz\u00e4hlt haben von fr\u00fcher.<\/p>\n\n\n\n<p>Ich liebe es!<\/p>\n<\/div><\/div>\n\n\n\n<p><\/p>\n","protected":false},"excerpt":{"rendered":"<p>Geschichten und B\u00fccher begleiten mich schon immer. Mit zehn habe ich Nachbarskindern M\u00e4rchen erz\u00e4hlt und Abenteuerb\u00fccher vorgelesen. F\u00fcr unser Marionettentheater hab ich biblische Geschichten in Szene gesetzt: David und Goliath zum Beispiel oder die Weihnachtsgeschichte. Immer wieder schrieb ich ein Lied oder Texte f\u00fcr Kurzfilme, kleine Theaterszenen. Ausbildung zur Erzieherin: wieder Geschichten und B\u00fccher. Geschichten &hellip;<\/p>\n<p class=\"read-more\"> <a class=\"\" href=\"https:\/\/helgaharter.de\/?page_id=82\"> <span class=\"screen-reader-text\">\u00dcber mich<\/span> Weiterlesen &raquo;<\/a><\/p>\n","protected":false},"author":1,"featured_media":0,"parent":0,"menu_order":0,"comment_status":"closed","ping_status":"closed","template":"","meta":{"advgb_blocks_editor_width":"","advgb_blocks_columns_visual_guide":"","site-sidebar-layout":"","site-content-layout":"","ast-main-header-display":"","ast-hfb-above-header-display":"","ast-hfb-below-header-display":"","ast-hfb-mobile-header-display":"","site-post-title":"","ast-breadcrumbs-content":"","ast-featured-img":"","footer-sml-layout":"","theme-transparent-header-meta":"","adv-header-id-meta":"","stick-header-meta":"","header-above-stick-meta":"","header-main-stick-meta":"","header-below-stick-meta":"","footnotes":""},"class_list":["post-82","page","type-page","status-publish","hentry"],"yoast_head":"<!-- This site is optimized with the Yoast SEO plugin v26.2 - https:\/\/yoast.com\/wordpress\/plugins\/seo\/ -->\n<title>\u00dcber mich - Autorenseite von Helga Harter<\/title>\n<meta name=\"robots\" content=\"index, follow, max-snippet:-1, max-image-preview:large, max-video-preview:-1\" \/>\n<link rel=\"canonical\" href=\"https:\/\/helgaharter.de\/?page_id=82\" \/>\n<meta property=\"og:locale\" content=\"de_DE\" \/>\n<meta property=\"og:type\" content=\"article\" \/>\n<meta property=\"og:title\" content=\"\u00dcber mich - Autorenseite von Helga Harter\" \/>\n<meta property=\"og:description\" content=\"Geschichten und B\u00fccher begleiten mich schon immer. Mit zehn habe ich Nachbarskindern M\u00e4rchen erz\u00e4hlt und Abenteuerb\u00fccher vorgelesen. F\u00fcr unser Marionettentheater hab ich biblische Geschichten in Szene gesetzt: David und Goliath zum Beispiel oder die Weihnachtsgeschichte. Immer wieder schrieb ich ein Lied oder Texte f\u00fcr Kurzfilme, kleine Theaterszenen. Ausbildung zur Erzieherin: wieder Geschichten und B\u00fccher. Geschichten &hellip; \u00dcber mich Weiterlesen &raquo;\" \/>\n<meta property=\"og:url\" content=\"https:\/\/helgaharter.de\/?page_id=82\" \/>\n<meta property=\"og:site_name\" content=\"Autorenseite von Helga Harter\" \/>\n<meta property=\"og:image\" content=\"https:\/\/helgaharter.de\/wp-content\/uploads\/2021\/12\/Helga-1.jpg\" \/>\n<meta name=\"twitter:card\" content=\"summary_large_image\" \/>\n<meta name=\"twitter:label1\" content=\"Gesch\u00e4tzte Lesezeit\" \/>\n\t<meta name=\"twitter:data1\" content=\"1\u00a0Minute\" \/>\n<script type=\"application\/ld+json\" class=\"yoast-schema-graph\">{\"@context\":\"https:\/\/schema.org\",\"@graph\":[{\"@type\":\"WebPage\",\"@id\":\"https:\/\/helgaharter.de\/?page_id=82\",\"url\":\"https:\/\/helgaharter.de\/?page_id=82\",\"name\":\"\u00dcber mich - Autorenseite von Helga Harter\",\"isPartOf\":{\"@id\":\"https:\/\/helgaharter.de\/#website\"},\"primaryImageOfPage\":{\"@id\":\"https:\/\/helgaharter.de\/?page_id=82#primaryimage\"},\"image\":{\"@id\":\"https:\/\/helgaharter.de\/?page_id=82#primaryimage\"},\"thumbnailUrl\":\"https:\/\/helgaharter.de\/wp-content\/uploads\/2021\/12\/Helga-1.jpg\",\"datePublished\":\"2021-12-10T10:54:40+00:00\",\"breadcrumb\":{\"@id\":\"https:\/\/helgaharter.de\/?page_id=82#breadcrumb\"},\"inLanguage\":\"de\",\"potentialAction\":[{\"@type\":\"ReadAction\",\"target\":[\"https:\/\/helgaharter.de\/?page_id=82\"]}]},{\"@type\":\"ImageObject\",\"inLanguage\":\"de\",\"@id\":\"https:\/\/helgaharter.de\/?page_id=82#primaryimage\",\"url\":\"https:\/\/helgaharter.de\/wp-content\/uploads\/2021\/12\/Helga-1.jpg\",\"contentUrl\":\"https:\/\/helgaharter.de\/wp-content\/uploads\/2021\/12\/Helga-1.jpg\",\"width\":304,\"height\":267},{\"@type\":\"BreadcrumbList\",\"@id\":\"https:\/\/helgaharter.de\/?page_id=82#breadcrumb\",\"itemListElement\":[{\"@type\":\"ListItem\",\"position\":1,\"name\":\"Startseite\",\"item\":\"https:\/\/helgaharter.de\/\"},{\"@type\":\"ListItem\",\"position\":2,\"name\":\"\u00dcber mich\"}]},{\"@type\":\"WebSite\",\"@id\":\"https:\/\/helgaharter.de\/#website\",\"url\":\"https:\/\/helgaharter.de\/\",\"name\":\"Autorenseite von Helga Harter\",\"description\":\"\",\"publisher\":{\"@id\":\"https:\/\/helgaharter.de\/#organization\"},\"potentialAction\":[{\"@type\":\"SearchAction\",\"target\":{\"@type\":\"EntryPoint\",\"urlTemplate\":\"https:\/\/helgaharter.de\/?s={search_term_string}\"},\"query-input\":{\"@type\":\"PropertyValueSpecification\",\"valueRequired\":true,\"valueName\":\"search_term_string\"}}],\"inLanguage\":\"de\"},{\"@type\":\"Organization\",\"@id\":\"https:\/\/helgaharter.de\/#organization\",\"name\":\"Autorenseite von Helga Harter\",\"url\":\"https:\/\/helgaharter.de\/\",\"logo\":{\"@type\":\"ImageObject\",\"inLanguage\":\"de\",\"@id\":\"https:\/\/helgaharter.de\/#\/schema\/logo\/image\/\",\"url\":\"https:\/\/helgaharter.de\/wp-content\/uploads\/2023\/02\/cropped-HeaderAstra-neu.jpg\",\"contentUrl\":\"https:\/\/helgaharter.de\/wp-content\/uploads\/2023\/02\/cropped-HeaderAstra-neu.jpg\",\"width\":1400,\"height\":400,\"caption\":\"Autorenseite von Helga Harter\"},\"image\":{\"@id\":\"https:\/\/helgaharter.de\/#\/schema\/logo\/image\/\"}}]}<\/script>\n<!-- \/ Yoast SEO plugin. -->","yoast_head_json":{"title":"\u00dcber mich - Autorenseite von Helga Harter","robots":{"index":"index","follow":"follow","max-snippet":"max-snippet:-1","max-image-preview":"max-image-preview:large","max-video-preview":"max-video-preview:-1"},"canonical":"https:\/\/helgaharter.de\/?page_id=82","og_locale":"de_DE","og_type":"article","og_title":"\u00dcber mich - Autorenseite von Helga Harter","og_description":"Geschichten und B\u00fccher begleiten mich schon immer. Mit zehn habe ich Nachbarskindern M\u00e4rchen erz\u00e4hlt und Abenteuerb\u00fccher vorgelesen. F\u00fcr unser Marionettentheater hab ich biblische Geschichten in Szene gesetzt: David und Goliath zum Beispiel oder die Weihnachtsgeschichte. Immer wieder schrieb ich ein Lied oder Texte f\u00fcr Kurzfilme, kleine Theaterszenen. Ausbildung zur Erzieherin: wieder Geschichten und B\u00fccher. Geschichten &hellip; \u00dcber mich Weiterlesen &raquo;","og_url":"https:\/\/helgaharter.de\/?page_id=82","og_site_name":"Autorenseite von Helga Harter","og_image":[{"url":"https:\/\/helgaharter.de\/wp-content\/uploads\/2021\/12\/Helga-1.jpg","type":"","width":"","height":""}],"twitter_card":"summary_large_image","twitter_misc":{"Gesch\u00e4tzte Lesezeit":"1\u00a0Minute"},"schema":{"@context":"https:\/\/schema.org","@graph":[{"@type":"WebPage","@id":"https:\/\/helgaharter.de\/?page_id=82","url":"https:\/\/helgaharter.de\/?page_id=82","name":"\u00dcber mich - Autorenseite von Helga Harter","isPartOf":{"@id":"https:\/\/helgaharter.de\/#website"},"primaryImageOfPage":{"@id":"https:\/\/helgaharter.de\/?page_id=82#primaryimage"},"image":{"@id":"https:\/\/helgaharter.de\/?page_id=82#primaryimage"},"thumbnailUrl":"https:\/\/helgaharter.de\/wp-content\/uploads\/2021\/12\/Helga-1.jpg","datePublished":"2021-12-10T10:54:40+00:00","breadcrumb":{"@id":"https:\/\/helgaharter.de\/?page_id=82#breadcrumb"},"inLanguage":"de","potentialAction":[{"@type":"ReadAction","target":["https:\/\/helgaharter.de\/?page_id=82"]}]},{"@type":"ImageObject","inLanguage":"de","@id":"https:\/\/helgaharter.de\/?page_id=82#primaryimage","url":"https:\/\/helgaharter.de\/wp-content\/uploads\/2021\/12\/Helga-1.jpg","contentUrl":"https:\/\/helgaharter.de\/wp-content\/uploads\/2021\/12\/Helga-1.jpg","width":304,"height":267},{"@type":"BreadcrumbList","@id":"https:\/\/helgaharter.de\/?page_id=82#breadcrumb","itemListElement":[{"@type":"ListItem","position":1,"name":"Startseite","item":"https:\/\/helgaharter.de\/"},{"@type":"ListItem","position":2,"name":"\u00dcber mich"}]},{"@type":"WebSite","@id":"https:\/\/helgaharter.de\/#website","url":"https:\/\/helgaharter.de\/","name":"Autorenseite von Helga Harter","description":"","publisher":{"@id":"https:\/\/helgaharter.de\/#organization"},"potentialAction":[{"@type":"SearchAction","target":{"@type":"EntryPoint","urlTemplate":"https:\/\/helgaharter.de\/?s={search_term_string}"},"query-input":{"@type":"PropertyValueSpecification","valueRequired":true,"valueName":"search_term_string"}}],"inLanguage":"de"},{"@type":"Organization","@id":"https:\/\/helgaharter.de\/#organization","name":"Autorenseite von Helga Harter","url":"https:\/\/helgaharter.de\/","logo":{"@type":"ImageObject","inLanguage":"de","@id":"https:\/\/helgaharter.de\/#\/schema\/logo\/image\/","url":"https:\/\/helgaharter.de\/wp-content\/uploads\/2023\/02\/cropped-HeaderAstra-neu.jpg","contentUrl":"https:\/\/helgaharter.de\/wp-content\/uploads\/2023\/02\/cropped-HeaderAstra-neu.jpg","width":1400,"height":400,"caption":"Autorenseite von Helga Harter"},"image":{"@id":"https:\/\/helgaharter.de\/#\/schema\/logo\/image\/"}}]}},"coauthors":[],"author_meta":{"author_link":"https:\/\/helgaharter.de\/?author=1","display_name":"admin"},"relative_dates":{"created":"Posted 4\u00a0Jahren ago","modified":"Updated 4\u00a0Jahren ago"},"absolute_dates":{"created":"Posted on 10. Dezember 2021","modified":"Updated on 10. Dezember 2021"},"absolute_dates_time":{"created":"Posted on 10. Dezember 2021 10:54","modified":"Updated on 10. Dezember 2021 10:54"},"featured_img_caption":"","featured_img":false,"series_order":"","_links":{"self":[{"href":"https:\/\/helgaharter.de\/index.php?rest_route=\/wp\/v2\/pages\/82","targetHints":{"allow":["GET"]}}],"collection":[{"href":"https:\/\/helgaharter.de\/index.php?rest_route=\/wp\/v2\/pages"}],"about":[{"href":"https:\/\/helgaharter.de\/index.php?rest_route=\/wp\/v2\/types\/page"}],"author":[{"embeddable":true,"href":"https:\/\/helgaharter.de\/index.php?rest_route=\/wp\/v2\/users\/1"}],"replies":[{"embeddable":true,"href":"https:\/\/helgaharter.de\/index.php?rest_route=%2Fwp%2Fv2%2Fcomments&post=82"}],"version-history":[{"count":1,"href":"https:\/\/helgaharter.de\/index.php?rest_route=\/wp\/v2\/pages\/82\/revisions"}],"predecessor-version":[{"id":84,"href":"https:\/\/helgaharter.de\/index.php?rest_route=\/wp\/v2\/pages\/82\/revisions\/84"}],"wp:attachment":[{"href":"https:\/\/helgaharter.de\/index.php?rest_route=%2Fwp%2Fv2%2Fmedia&parent=82"}],"curies":[{"name":"wp","href":"https:\/\/api.w.org\/{rel}","templated":true}]}}