{"id":94,"date":"2021-12-10T10:54:59","date_gmt":"2021-12-10T10:54:59","guid":{"rendered":"https:\/\/helgaharter.de\/?page_id=94"},"modified":"2025-11-02T19:44:47","modified_gmt":"2025-11-02T19:44:47","slug":"willkommen","status":"publish","type":"page","link":"https:\/\/helgaharter.de\/","title":{"rendered":"Willkommen!"},"content":{"rendered":"\n<p><\/p>\n\n\n\n<div class=\"wp-block-advgb-infobox advgb-infobox-wrapper has-text-align-center advgb-infobox-6e38c972-0318-4213-b412-a42462ac85a3\"><div class=\"advgb-infobox-wrap\"><div class=\"advgb-infobox-icon-container\"><div class=\"advgb-infobox-icon-inner-container\"><i class=\"material-icons-outlined\">beenhere<\/i><\/div><\/div><div class=\"advgb-infobox-textcontent\"><h3 class=\"advgb-infobox-title\">Willkommen auf der Autorenseite<br>von Helga Harter<br>Finde Fotos und Informationen zu meinen B\u00fcchern<\/h3><p class=\"advgb-infobox-text\"><\/p><\/div><\/div><\/div>\n\n\n\n<div class=\"wp-block-media-text alignwide is-stacked-on-mobile\"><figure class=\"wp-block-media-text__media\"><img loading=\"lazy\" decoding=\"async\" width=\"600\" height=\"507\" src=\"https:\/\/helgaharter.de\/wp-content\/uploads\/2021\/12\/schreibtisch.jpg\" alt=\"\" class=\"wp-image-95 size-full\" srcset=\"https:\/\/helgaharter.de\/wp-content\/uploads\/2021\/12\/schreibtisch.jpg 600w, https:\/\/helgaharter.de\/wp-content\/uploads\/2021\/12\/schreibtisch-300x254.jpg 300w\" sizes=\"auto, (max-width: 600px) 100vw, 600px\" \/><\/figure><div class=\"wp-block-media-text__content\">\n<h2 class=\"wp-block-heading\"><\/h2>\n\n\n\n<p>&#8222;Dar\u00fcber k\u00f6nnte man ein Buch schreiben!&#8220; h\u00f6re ich manchmal, vor allem \u00e4ltere Menschen sagen. &#8222;Ja! Leg los! Ehe es vergessen ist!&#8220;<\/p>\n\n\n\n<p>Was Menschen durchk\u00e4mpft und erlebt haben, soll erhalten werden. Kann es uns nicht helfen, einen neuen Blick auf unser eigenes Leben zu werfen?<\/p>\n\n\n\n<p>Geschichte und Geschichten von Heimat und Traditionen, durcheinander gesch\u00fcttelt von Kriegen und pers\u00f6nlichen Schicksalen sind Geschichten, die das Leben schreibt. Gibt es etwas Spannenderes?<\/p>\n\n\n\n<p>Wunderbar, wenn es Zeitzeugen gibt, die aus ihrem Leben erz\u00e4hlen.  Ich will ihnen zuh\u00f6ren, ehe es zu sp\u00e4t ist!<\/p>\n<\/div><\/div>\n\n\n\n<hr class=\"wp-block-separator has-css-opacity\"\/>\n\n\n\n<div class=\"wp-block-columns is-layout-flex wp-container-core-columns-is-layout-9d6595d7 wp-block-columns-is-layout-flex\">\n<div class=\"wp-block-column is-layout-flow wp-block-column-is-layout-flow\" style=\"flex-basis:33.33%\">\n<ul class=\"wp-block-social-links has-normal-icon-size has-icon-color is-style-logos-only is-layout-flex wp-block-social-links-is-layout-flex\"><li style=\"color:#ffffff;\" class=\"wp-social-link wp-social-link-chain  wp-block-social-link\"><a href=\"#\" class=\"wp-block-social-link-anchor\"><svg width=\"24\" height=\"24\" viewBox=\"0 0 24 24\" version=\"1.1\" xmlns=\"http:\/\/www.w3.org\/2000\/svg\" aria-hidden=\"true\" focusable=\"false\"><path d=\"M15.6,7.2H14v1.5h1.6c2,0,3.7,1.7,3.7,3.7s-1.7,3.7-3.7,3.7H14v1.5h1.6c2.8,0,5.2-2.3,5.2-5.2,0-2.9-2.3-5.2-5.2-5.2zM4.7,12.4c0-2,1.7-3.7,3.7-3.7H10V7.2H8.4c-2.9,0-5.2,2.3-5.2,5.2,0,2.9,2.3,5.2,5.2,5.2H10v-1.5H8.4c-2,0-3.7-1.7-3.7-3.7zm4.6.9h5.3v-1.5H9.3v1.5z\"><\/path><\/svg><span class=\"wp-block-social-link-label screen-reader-text\">Link<\/span><\/a><\/li>\n\n<li style=\"color:#ffffff;\" class=\"wp-social-link wp-social-link-mail  wp-block-social-link\"><a href=\"#\" class=\"wp-block-social-link-anchor\"><svg width=\"24\" height=\"24\" viewBox=\"0 0 24 24\" version=\"1.1\" xmlns=\"http:\/\/www.w3.org\/2000\/svg\" aria-hidden=\"true\" focusable=\"false\"><path d=\"M19,5H5c-1.1,0-2,.9-2,2v10c0,1.1.9,2,2,2h14c1.1,0,2-.9,2-2V7c0-1.1-.9-2-2-2zm.5,12c0,.3-.2.5-.5.5H5c-.3,0-.5-.2-.5-.5V9.8l7.5,5.6,7.5-5.6V17zm0-9.1L12,13.6,4.5,7.9V7c0-.3.2-.5.5-.5h14c.3,0,.5.2.5.5v.9z\"><\/path><\/svg><span class=\"wp-block-social-link-label screen-reader-text\">E-Mail<\/span><\/a><\/li><\/ul>\n\n\n<div class=\"logged-out wp-block-loginout\"><a rel=\"nofollow\" href=\"https:\/\/helgaharter.de\/wp-login.php?redirect_to=https%3A%2F%2Fhelgaharter.de%2Findex.php%3Frest_route%3D%252Fwp%252Fv2%252Fpages%252F94\">Anmelden<\/a><\/div><\/div>\n\n\n\n<div class=\"wp-block-column is-layout-flow wp-block-column-is-layout-flow\" style=\"flex-basis:66.66%\">\n<div class=\"wp-block-columns is-layout-flex wp-container-core-columns-is-layout-9d6595d7 wp-block-columns-is-layout-flex\">\n<div class=\"wp-block-column is-layout-flow wp-block-column-is-layout-flow\" style=\"flex-basis:100%\">\n<ul class=\"wp-block-social-links has-large-icon-size is-style-logos-only is-layout-flex wp-block-social-links-is-layout-flex\"><li class=\"wp-social-link wp-social-link-instagram  wp-block-social-link\"><a rel=\"noopener nofollow\" target=\"_blank\" href=\"https:\/\/www.instagram.com\/helga_harter\/\" class=\"wp-block-social-link-anchor\"><svg width=\"24\" height=\"24\" viewBox=\"0 0 24 24\" version=\"1.1\" xmlns=\"http:\/\/www.w3.org\/2000\/svg\" aria-hidden=\"true\" focusable=\"false\"><path d=\"M12,4.622c2.403,0,2.688,0.009,3.637,0.052c0.877,0.04,1.354,0.187,1.671,0.31c0.42,0.163,0.72,0.358,1.035,0.673 c0.315,0.315,0.51,0.615,0.673,1.035c0.123,0.317,0.27,0.794,0.31,1.671c0.043,0.949,0.052,1.234,0.052,3.637 s-0.009,2.688-0.052,3.637c-0.04,0.877-0.187,1.354-0.31,1.671c-0.163,0.42-0.358,0.72-0.673,1.035 c-0.315,0.315-0.615,0.51-1.035,0.673c-0.317,0.123-0.794,0.27-1.671,0.31c-0.949,0.043-1.233,0.052-3.637,0.052 s-2.688-0.009-3.637-0.052c-0.877-0.04-1.354-0.187-1.671-0.31c-0.42-0.163-0.72-0.358-1.035-0.673 c-0.315-0.315-0.51-0.615-0.673-1.035c-0.123-0.317-0.27-0.794-0.31-1.671C4.631,14.688,4.622,14.403,4.622,12 s0.009-2.688,0.052-3.637c0.04-0.877,0.187-1.354,0.31-1.671c0.163-0.42,0.358-0.72,0.673-1.035 c0.315-0.315,0.615-0.51,1.035-0.673c0.317-0.123,0.794-0.27,1.671-0.31C9.312,4.631,9.597,4.622,12,4.622 M12,3 C9.556,3,9.249,3.01,8.289,3.054C7.331,3.098,6.677,3.25,6.105,3.472C5.513,3.702,5.011,4.01,4.511,4.511 c-0.5,0.5-0.808,1.002-1.038,1.594C3.25,6.677,3.098,7.331,3.054,8.289C3.01,9.249,3,9.556,3,12c0,2.444,0.01,2.751,0.054,3.711 c0.044,0.958,0.196,1.612,0.418,2.185c0.23,0.592,0.538,1.094,1.038,1.594c0.5,0.5,1.002,0.808,1.594,1.038 c0.572,0.222,1.227,0.375,2.185,0.418C9.249,20.99,9.556,21,12,21s2.751-0.01,3.711-0.054c0.958-0.044,1.612-0.196,2.185-0.418 c0.592-0.23,1.094-0.538,1.594-1.038c0.5-0.5,0.808-1.002,1.038-1.594c0.222-0.572,0.375-1.227,0.418-2.185 C20.99,14.751,21,14.444,21,12s-0.01-2.751-0.054-3.711c-0.044-0.958-0.196-1.612-0.418-2.185c-0.23-0.592-0.538-1.094-1.038-1.594 c-0.5-0.5-1.002-0.808-1.594-1.038c-0.572-0.222-1.227-0.375-2.185-0.418C14.751,3.01,14.444,3,12,3L12,3z M12,7.378 c-2.552,0-4.622,2.069-4.622,4.622S9.448,16.622,12,16.622s4.622-2.069,4.622-4.622S14.552,7.378,12,7.378z M12,15 c-1.657,0-3-1.343-3-3s1.343-3,3-3s3,1.343,3,3S13.657,15,12,15z M16.804,6.116c-0.596,0-1.08,0.484-1.08,1.08 s0.484,1.08,1.08,1.08c0.596,0,1.08-0.484,1.08-1.08S17.401,6.116,16.804,6.116z\"><\/path><\/svg><span class=\"wp-block-social-link-label screen-reader-text\">Instagram<\/span><\/a><\/li>\n\n<li class=\"wp-social-link wp-social-link-facebook  wp-block-social-link\"><a rel=\"noopener nofollow\" target=\"_blank\" href=\"https:\/\/www.facebook.com\/helgaharterautorin\" class=\"wp-block-social-link-anchor\"><svg width=\"24\" height=\"24\" viewBox=\"0 0 24 24\" version=\"1.1\" xmlns=\"http:\/\/www.w3.org\/2000\/svg\" aria-hidden=\"true\" focusable=\"false\"><path d=\"M12 2C6.5 2 2 6.5 2 12c0 5 3.7 9.1 8.4 9.9v-7H7.9V12h2.5V9.8c0-2.5 1.5-3.9 3.8-3.9 1.1 0 2.2.2 2.2.2v2.5h-1.3c-1.2 0-1.6.8-1.6 1.6V12h2.8l-.4 2.9h-2.3v7C18.3 21.1 22 17 22 12c0-5.5-4.5-10-10-10z\"><\/path><\/svg><span class=\"wp-block-social-link-label screen-reader-text\">Facebook<\/span><\/a><\/li><\/ul>\n<\/div>\n<\/div>\n<\/div>\n<\/div>\n<style class=\"advgb-styles-renderer\">#advgb-infobox-6e38c972-0318-4213-b412-a42462ac85a3, .advgb-infobox-6e38c972-0318-4213-b412-a42462ac85a3 {background-color: var(--ast-global-color-6);padding: 0px 0px 0px 0px;border: 4px solid var(--ast-global-color-0);border-radius: 14px;}#advgb-infobox-6e38c972-0318-4213-b412-a42462ac85a3 .advgb-infobox-icon-container, .advgb-infobox-6e38c972-0318-4213-b412-a42462ac85a3 .advgb-infobox-icon-container {background-color: #f5f5f5;padding: 0;margin: 0;border: 0px solid #e8e8e8 ;border-radius: 0px;}#advgb-infobox-6e38c972-0318-4213-b412-a42462ac85a3 .advgb-infobox-icon-container i, .advgb-infobox-6e38c972-0318-4213-b412-a42462ac85a3 .advgb-infobox-icon-container i {color: #333;font-size: 1px;display: block;}#advgb-infobox-6e38c972-0318-4213-b412-a42462ac85a3 .advgb-infobox-textcontent .advgb-infobox-title, .advgb-infobox-6e38c972-0318-4213-b412-a42462ac85a3 .advgb-infobox-textcontent .advgb-infobox-title {color: #333;padding: 0;margin: 5px 0 10px 0;white-space: pre-wrap;}#advgb-infobox-6e38c972-0318-4213-b412-a42462ac85a3 .advgb-infobox-textcontent .advgb-infobox-text, .advgb-infobox-6e38c972-0318-4213-b412-a42462ac85a3 .advgb-infobox-textcontent .advgb-infobox-text {color: #333;padding: 0;margin: 0;white-space: pre-wrap;}<\/style>","protected":false},"excerpt":{"rendered":"<p>&#8222;Dar\u00fcber k\u00f6nnte man ein Buch schreiben!&#8220; h\u00f6re ich manchmal, vor allem \u00e4ltere Menschen sagen. &#8222;Ja! Leg los! Ehe es vergessen ist!&#8220; Was Menschen durchk\u00e4mpft und erlebt haben, soll erhalten werden. Kann es uns nicht helfen, einen neuen Blick auf unser eigenes Leben zu werfen? Geschichte und Geschichten von Heimat und Traditionen, durcheinander gesch\u00fcttelt von Kriegen &hellip;<\/p>\n<p class=\"read-more\"> <a class=\"\" href=\"https:\/\/helgaharter.de\/\"> <span class=\"screen-reader-text\">Willkommen!<\/span> Weiterlesen &raquo;<\/a><\/p>\n","protected":false},"author":1,"featured_media":0,"parent":0,"menu_order":1,"comment_status":"closed","ping_status":"closed","template":"","meta":{"advgb_blocks_editor_width":"","advgb_blocks_columns_visual_guide":"","site-sidebar-layout":"","site-content-layout":"","ast-main-header-display":"","ast-hfb-above-header-display":"","ast-hfb-below-header-display":"","ast-hfb-mobile-header-display":"","site-post-title":"","ast-breadcrumbs-content":"","ast-featured-img":"","footer-sml-layout":"","theme-transparent-header-meta":"","adv-header-id-meta":"","stick-header-meta":"","header-above-stick-meta":"","header-main-stick-meta":"","header-below-stick-meta":"","footnotes":""},"class_list":["post-94","page","type-page","status-publish","hentry"],"yoast_head":"<!-- This site is optimized with the Yoast SEO plugin v26.2 - https:\/\/yoast.com\/wordpress\/plugins\/seo\/ -->\n<title>Willkommen! - Autorenseite von Helga Harter<\/title>\n<meta name=\"robots\" content=\"index, follow, max-snippet:-1, max-image-preview:large, max-video-preview:-1\" \/>\n<link rel=\"canonical\" href=\"https:\/\/helgaharter.de\/\" \/>\n<meta property=\"og:locale\" content=\"de_DE\" \/>\n<meta property=\"og:type\" content=\"article\" \/>\n<meta property=\"og:title\" content=\"Willkommen! - Autorenseite von Helga Harter\" \/>\n<meta property=\"og:description\" content=\"&#8222;Dar\u00fcber k\u00f6nnte man ein Buch schreiben!&#8220; h\u00f6re ich manchmal, vor allem \u00e4ltere Menschen sagen. &#8222;Ja! Leg los! Ehe es vergessen ist!&#8220; Was Menschen durchk\u00e4mpft und erlebt haben, soll erhalten werden. Kann es uns nicht helfen, einen neuen Blick auf unser eigenes Leben zu werfen? Geschichte und Geschichten von Heimat und Traditionen, durcheinander gesch\u00fcttelt von Kriegen &hellip; Willkommen! Weiterlesen &raquo;\" \/>\n<meta property=\"og:url\" content=\"https:\/\/helgaharter.de\/\" \/>\n<meta property=\"og:site_name\" content=\"Autorenseite von Helga Harter\" \/>\n<meta property=\"article:modified_time\" content=\"2025-11-02T19:44:47+00:00\" \/>\n<meta property=\"og:image\" content=\"https:\/\/helgaharter.de\/wp-content\/uploads\/2021\/12\/schreibtisch.jpg\" \/>\n\t<meta property=\"og:image:width\" content=\"600\" \/>\n\t<meta property=\"og:image:height\" content=\"507\" \/>\n\t<meta property=\"og:image:type\" content=\"image\/jpeg\" \/>\n<meta name=\"twitter:card\" content=\"summary_large_image\" \/>\n<meta name=\"twitter:label1\" content=\"Gesch\u00e4tzte Lesezeit\" \/>\n\t<meta name=\"twitter:data1\" content=\"1\u00a0Minute\" \/>\n<script type=\"application\/ld+json\" class=\"yoast-schema-graph\">{\"@context\":\"https:\/\/schema.org\",\"@graph\":[{\"@type\":\"WebPage\",\"@id\":\"https:\/\/helgaharter.de\/\",\"url\":\"https:\/\/helgaharter.de\/\",\"name\":\"Willkommen! - Autorenseite von Helga Harter\",\"isPartOf\":{\"@id\":\"https:\/\/helgaharter.de\/#website\"},\"primaryImageOfPage\":{\"@id\":\"https:\/\/helgaharter.de\/#primaryimage\"},\"image\":{\"@id\":\"https:\/\/helgaharter.de\/#primaryimage\"},\"thumbnailUrl\":\"https:\/\/helgaharter.de\/wp-content\/uploads\/2021\/12\/schreibtisch.jpg\",\"datePublished\":\"2021-12-10T10:54:59+00:00\",\"dateModified\":\"2025-11-02T19:44:47+00:00\",\"breadcrumb\":{\"@id\":\"https:\/\/helgaharter.de\/#breadcrumb\"},\"inLanguage\":\"de\",\"potentialAction\":[{\"@type\":\"ReadAction\",\"target\":[\"https:\/\/helgaharter.de\/\"]}]},{\"@type\":\"ImageObject\",\"inLanguage\":\"de\",\"@id\":\"https:\/\/helgaharter.de\/#primaryimage\",\"url\":\"https:\/\/helgaharter.de\/wp-content\/uploads\/2021\/12\/schreibtisch.jpg\",\"contentUrl\":\"https:\/\/helgaharter.de\/wp-content\/uploads\/2021\/12\/schreibtisch.jpg\",\"width\":600,\"height\":507},{\"@type\":\"BreadcrumbList\",\"@id\":\"https:\/\/helgaharter.de\/#breadcrumb\",\"itemListElement\":[{\"@type\":\"ListItem\",\"position\":1,\"name\":\"Startseite\",\"item\":\"https:\/\/helgaharter.de\/\"},{\"@type\":\"ListItem\",\"position\":2,\"name\":\"Willkommen!\"}]},{\"@type\":\"WebSite\",\"@id\":\"https:\/\/helgaharter.de\/#website\",\"url\":\"https:\/\/helgaharter.de\/\",\"name\":\"Autorenseite von Helga Harter\",\"description\":\"\",\"publisher\":{\"@id\":\"https:\/\/helgaharter.de\/#organization\"},\"potentialAction\":[{\"@type\":\"SearchAction\",\"target\":{\"@type\":\"EntryPoint\",\"urlTemplate\":\"https:\/\/helgaharter.de\/?s={search_term_string}\"},\"query-input\":{\"@type\":\"PropertyValueSpecification\",\"valueRequired\":true,\"valueName\":\"search_term_string\"}}],\"inLanguage\":\"de\"},{\"@type\":\"Organization\",\"@id\":\"https:\/\/helgaharter.de\/#organization\",\"name\":\"Autorenseite von Helga Harter\",\"url\":\"https:\/\/helgaharter.de\/\",\"logo\":{\"@type\":\"ImageObject\",\"inLanguage\":\"de\",\"@id\":\"https:\/\/helgaharter.de\/#\/schema\/logo\/image\/\",\"url\":\"https:\/\/helgaharter.de\/wp-content\/uploads\/2023\/02\/cropped-HeaderAstra-neu.jpg\",\"contentUrl\":\"https:\/\/helgaharter.de\/wp-content\/uploads\/2023\/02\/cropped-HeaderAstra-neu.jpg\",\"width\":1400,\"height\":400,\"caption\":\"Autorenseite von Helga Harter\"},\"image\":{\"@id\":\"https:\/\/helgaharter.de\/#\/schema\/logo\/image\/\"}}]}<\/script>\n<!-- \/ Yoast SEO plugin. -->","yoast_head_json":{"title":"Willkommen! - Autorenseite von Helga Harter","robots":{"index":"index","follow":"follow","max-snippet":"max-snippet:-1","max-image-preview":"max-image-preview:large","max-video-preview":"max-video-preview:-1"},"canonical":"https:\/\/helgaharter.de\/","og_locale":"de_DE","og_type":"article","og_title":"Willkommen! - Autorenseite von Helga Harter","og_description":"&#8222;Dar\u00fcber k\u00f6nnte man ein Buch schreiben!&#8220; h\u00f6re ich manchmal, vor allem \u00e4ltere Menschen sagen. &#8222;Ja! Leg los! Ehe es vergessen ist!&#8220; Was Menschen durchk\u00e4mpft und erlebt haben, soll erhalten werden. Kann es uns nicht helfen, einen neuen Blick auf unser eigenes Leben zu werfen? Geschichte und Geschichten von Heimat und Traditionen, durcheinander gesch\u00fcttelt von Kriegen &hellip; Willkommen! Weiterlesen &raquo;","og_url":"https:\/\/helgaharter.de\/","og_site_name":"Autorenseite von Helga Harter","article_modified_time":"2025-11-02T19:44:47+00:00","og_image":[{"width":600,"height":507,"url":"https:\/\/helgaharter.de\/wp-content\/uploads\/2021\/12\/schreibtisch.jpg","type":"image\/jpeg"}],"twitter_card":"summary_large_image","twitter_misc":{"Gesch\u00e4tzte Lesezeit":"1\u00a0Minute"},"schema":{"@context":"https:\/\/schema.org","@graph":[{"@type":"WebPage","@id":"https:\/\/helgaharter.de\/","url":"https:\/\/helgaharter.de\/","name":"Willkommen! - Autorenseite von Helga Harter","isPartOf":{"@id":"https:\/\/helgaharter.de\/#website"},"primaryImageOfPage":{"@id":"https:\/\/helgaharter.de\/#primaryimage"},"image":{"@id":"https:\/\/helgaharter.de\/#primaryimage"},"thumbnailUrl":"https:\/\/helgaharter.de\/wp-content\/uploads\/2021\/12\/schreibtisch.jpg","datePublished":"2021-12-10T10:54:59+00:00","dateModified":"2025-11-02T19:44:47+00:00","breadcrumb":{"@id":"https:\/\/helgaharter.de\/#breadcrumb"},"inLanguage":"de","potentialAction":[{"@type":"ReadAction","target":["https:\/\/helgaharter.de\/"]}]},{"@type":"ImageObject","inLanguage":"de","@id":"https:\/\/helgaharter.de\/#primaryimage","url":"https:\/\/helgaharter.de\/wp-content\/uploads\/2021\/12\/schreibtisch.jpg","contentUrl":"https:\/\/helgaharter.de\/wp-content\/uploads\/2021\/12\/schreibtisch.jpg","width":600,"height":507},{"@type":"BreadcrumbList","@id":"https:\/\/helgaharter.de\/#breadcrumb","itemListElement":[{"@type":"ListItem","position":1,"name":"Startseite","item":"https:\/\/helgaharter.de\/"},{"@type":"ListItem","position":2,"name":"Willkommen!"}]},{"@type":"WebSite","@id":"https:\/\/helgaharter.de\/#website","url":"https:\/\/helgaharter.de\/","name":"Autorenseite von Helga Harter","description":"","publisher":{"@id":"https:\/\/helgaharter.de\/#organization"},"potentialAction":[{"@type":"SearchAction","target":{"@type":"EntryPoint","urlTemplate":"https:\/\/helgaharter.de\/?s={search_term_string}"},"query-input":{"@type":"PropertyValueSpecification","valueRequired":true,"valueName":"search_term_string"}}],"inLanguage":"de"},{"@type":"Organization","@id":"https:\/\/helgaharter.de\/#organization","name":"Autorenseite von Helga Harter","url":"https:\/\/helgaharter.de\/","logo":{"@type":"ImageObject","inLanguage":"de","@id":"https:\/\/helgaharter.de\/#\/schema\/logo\/image\/","url":"https:\/\/helgaharter.de\/wp-content\/uploads\/2023\/02\/cropped-HeaderAstra-neu.jpg","contentUrl":"https:\/\/helgaharter.de\/wp-content\/uploads\/2023\/02\/cropped-HeaderAstra-neu.jpg","width":1400,"height":400,"caption":"Autorenseite von Helga Harter"},"image":{"@id":"https:\/\/helgaharter.de\/#\/schema\/logo\/image\/"}}]}},"coauthors":[],"author_meta":{"author_link":"https:\/\/helgaharter.de\/?author=1","display_name":"admin"},"relative_dates":{"created":"Posted 4\u00a0Jahren ago","modified":"Updated 6\u00a0Monaten ago"},"absolute_dates":{"created":"Posted on 10. Dezember 2021","modified":"Updated on 2. November 2025"},"absolute_dates_time":{"created":"Posted on 10. Dezember 2021 10:54","modified":"Updated on 2. November 2025 19:44"},"featured_img_caption":"","featured_img":false,"series_order":"","_links":{"self":[{"href":"https:\/\/helgaharter.de\/index.php?rest_route=\/wp\/v2\/pages\/94","targetHints":{"allow":["GET"]}}],"collection":[{"href":"https:\/\/helgaharter.de\/index.php?rest_route=\/wp\/v2\/pages"}],"about":[{"href":"https:\/\/helgaharter.de\/index.php?rest_route=\/wp\/v2\/types\/page"}],"author":[{"embeddable":true,"href":"https:\/\/helgaharter.de\/index.php?rest_route=\/wp\/v2\/users\/1"}],"replies":[{"embeddable":true,"href":"https:\/\/helgaharter.de\/index.php?rest_route=%2Fwp%2Fv2%2Fcomments&post=94"}],"version-history":[{"count":40,"href":"https:\/\/helgaharter.de\/index.php?rest_route=\/wp\/v2\/pages\/94\/revisions"}],"predecessor-version":[{"id":420,"href":"https:\/\/helgaharter.de\/index.php?rest_route=\/wp\/v2\/pages\/94\/revisions\/420"}],"wp:attachment":[{"href":"https:\/\/helgaharter.de\/index.php?rest_route=%2Fwp%2Fv2%2Fmedia&parent=94"}],"curies":[{"name":"wp","href":"https:\/\/api.w.org\/{rel}","templated":true}]}}